{"id":213,"date":"2020-04-08T07:55:01","date_gmt":"2020-04-08T09:55:01","guid":{"rendered":"http:\/\/gardonslelien.csvennes.fr\/?page_id=213"},"modified":"2020-04-11T06:02:57","modified_gmt":"2020-04-11T08:02:57","slug":"coronavirus-comment-bien-se-servir-dun-masque","status":"publish","type":"page","link":"https:\/\/gardonslelien.csvennes.fr\/?page_id=213","title":{"rendered":"CORONAVIRUS : COMMENT BIEN SE SERVIR D\u2019UN MASQUE"},"content":{"rendered":"<div class=\"members-access-error\">D\u00e9sol\u00e9, vous n&#039;\u00eates pas autoris\u00e9 \u00e0 voir ce contenu.<\/div>\n","protected":false},"excerpt":{"rendered":"<div class=\"members-access-error\">D\u00e9sol\u00e9, vous n&#039;\u00eates pas autoris\u00e9 \u00e0 voir ce contenu.<\/div>\n","protected":false},"author":1,"featured_media":0,"parent":0,"menu_order":0,"comment_status":"closed","ping_status":"closed","template":"","meta":{"footnotes":""},"class_list":["post-213","page","type-page","status-publish","hentry"],"_links":{"self":[{"href":"https:\/\/gardonslelien.csvennes.fr\/index.php?rest_route=\/wp\/v2\/pages\/213"}],"collection":[{"href":"https:\/\/gardonslelien.csvennes.fr\/index.php?rest_route=\/wp\/v2\/pages"}],"about":[{"href":"https:\/\/gardonslelien.csvennes.fr\/index.php?rest_route=\/wp\/v2\/types\/page"}],"author":[{"embeddable":true,"href":"https:\/\/gardonslelien.csvennes.fr\/index.php?rest_route=\/wp\/v2\/users\/1"}],"replies":[{"embeddable":true,"href":"https:\/\/gardonslelien.csvennes.fr\/index.php?rest_route=%2Fwp%2Fv2%2Fcomments&post=213"}],"version-history":[{"count":3,"href":"https:\/\/gardonslelien.csvennes.fr\/index.php?rest_route=\/wp\/v2\/pages\/213\/revisions"}],"predecessor-version":[{"id":423,"href":"https:\/\/gardonslelien.csvennes.fr\/index.php?rest_route=\/wp\/v2\/pages\/213\/revisions\/423"}],"wp:attachment":[{"href":"https:\/\/gardonslelien.csvennes.fr\/index.php?rest_route=%2Fwp%2Fv2%2Fmedia&parent=213"}],"curies":[{"name":"wp","href":"https:\/\/api.w.org\/{rel}","templated":true}]}}