{"id":1286,"date":"2020-05-20T19:11:05","date_gmt":"2020-05-20T17:11:05","guid":{"rendered":"https:\/\/gardonslelien.csvennes.fr\/?page_id=1286"},"modified":"2020-06-08T19:06:49","modified_gmt":"2020-06-08T17:06:49","slug":"pour-commenter-un-article","status":"publish","type":"page","link":"https:\/\/gardonslelien.csvennes.fr\/?page_id=1286","title":{"rendered":"Pour commenter un article."},"content":{"rendered":"\n<p>Rien ne fera plus plaisir \u00e0 un auteur que d&#8217;avoir des commentaires sous son article auquel il pourra vous r\u00e9pondre sur le blog, et c&#8217;est tout l\u2019int\u00e9r\u00eat du blog que d&#8217;\u00e9changer.<\/p>\n\n\n\n<p>Pour lire le blog , il suffit de cliquer sur <strong>le titre de l\u2019article<\/strong> qui vous int\u00e9resse, et cela vous ouvre <strong>la possibilit\u00e9 de d\u00e9poser un commentaire.<\/strong> (il vous sera demand\u00e9 de laisser votre adresse mail qui n\u2019apparaitra pas, c\u2019est seulement pour le fonctionnement global). Votre commentaire apparaitra apr\u00e8s validation d\u2019un administrateur, ou de l\u2019auteur de l\u2019article.<\/p>\n\n\n\n<p>Cela vous ouvre \u00e9galement \u00e0 la possibilit\u00e9 de <strong>voir l\u2019article pr\u00e9c\u00e9dent ou suivant, <\/strong>et de naviguer autrement dans les articles.<\/p>\n\n\n\n<p>Vous h\u00e9sitez ou n&#8217;\u00eates pas convaincus. Alors t\u00e9l\u00e9phonez-nous! <\/p>\n\n\n\n<div class=\"wp-block-image\"><figure class=\"aligncenter size-large\"><img loading=\"lazy\" decoding=\"async\" width=\"389\" height=\"102\" src=\"https:\/\/gardonslelien.csvennes.fr\/wp-content\/uploads\/2020\/05\/telephone-2.jpg\" alt=\"\" class=\"wp-image-1373\" srcset=\"https:\/\/gardonslelien.csvennes.fr\/wp-content\/uploads\/2020\/05\/telephone-2.jpg 389w, https:\/\/gardonslelien.csvennes.fr\/wp-content\/uploads\/2020\/05\/telephone-2-300x79.jpg 300w\" sizes=\"(max-width: 389px) 100vw, 389px\" \/><\/figure><\/div>\n\n\n\n<p>Si vous voulez aller plus loin alors inscrivez-vous en bas de la page \u00e0 connexion, et \u00e0 votre tour <strong>vous pourrez publier un article<\/strong>. (si vous ne savez pas faire, contactez-nous et \u2026<strong>nous vous apprendrons\u2026<\/strong>)<\/p>\n\n\n\n<p>Vous pouvez aussi nous contacter pour proposer un article que nous publierons en votre nom, ou non, selon votre souhait.<\/p>\n","protected":false},"excerpt":{"rendered":"<p>Rien ne fera plus plaisir \u00e0 un auteur que d&#8217;avoir des commentaires sous son article auquel il pourra vous r\u00e9pondre sur le blog, et c&#8217;est tout l\u2019int\u00e9r\u00eat du blog que d&#8217;\u00e9changer. Pour lire le blog , il suffit de cliquer <a class=\"more-link\" href=\"https:\/\/gardonslelien.csvennes.fr\/?page_id=1286\">Continuer la lecture <span class=\"screen-reader-text\">  Pour commenter un article.<\/span><span class=\"meta-nav\">&rarr;<\/span><\/a><\/p>\n","protected":false},"author":12,"featured_media":1354,"parent":0,"menu_order":0,"comment_status":"closed","ping_status":"closed","template":"","meta":{"footnotes":""},"class_list":["post-1286","page","type-page","status-publish","has-post-thumbnail","hentry"],"_links":{"self":[{"href":"https:\/\/gardonslelien.csvennes.fr\/index.php?rest_route=\/wp\/v2\/pages\/1286"}],"collection":[{"href":"https:\/\/gardonslelien.csvennes.fr\/index.php?rest_route=\/wp\/v2\/pages"}],"about":[{"href":"https:\/\/gardonslelien.csvennes.fr\/index.php?rest_route=\/wp\/v2\/types\/page"}],"author":[{"embeddable":true,"href":"https:\/\/gardonslelien.csvennes.fr\/index.php?rest_route=\/wp\/v2\/users\/12"}],"replies":[{"embeddable":true,"href":"https:\/\/gardonslelien.csvennes.fr\/index.php?rest_route=%2Fwp%2Fv2%2Fcomments&post=1286"}],"version-history":[{"count":4,"href":"https:\/\/gardonslelien.csvennes.fr\/index.php?rest_route=\/wp\/v2\/pages\/1286\/revisions"}],"predecessor-version":[{"id":1427,"href":"https:\/\/gardonslelien.csvennes.fr\/index.php?rest_route=\/wp\/v2\/pages\/1286\/revisions\/1427"}],"wp:featuredmedia":[{"embeddable":true,"href":"https:\/\/gardonslelien.csvennes.fr\/index.php?rest_route=\/wp\/v2\/media\/1354"}],"wp:attachment":[{"href":"https:\/\/gardonslelien.csvennes.fr\/index.php?rest_route=%2Fwp%2Fv2%2Fmedia&parent=1286"}],"curies":[{"name":"wp","href":"https:\/\/api.w.org\/{rel}","templated":true}]}}